{"id":14,"date":"2018-05-11T19:40:20","date_gmt":"2018-05-11T19:40:20","guid":{"rendered":"http:\/\/xn--koparkibiaobrzegi-c4c.pl\/?page_id=14"},"modified":"2018-05-17T06:20:51","modified_gmt":"2018-05-17T06:20:51","slug":"sprzet","status":"publish","type":"page","link":"https:\/\/xn--koparkibiaobrzegi-c4c.pl\/index.php\/sprzet\/","title":{"rendered":"Sprz\u0119t"},"content":{"rendered":"<ul>\n<li><span>Koparko-\u0142adowarka JCB 3CX &#8211;\u00a0Szeroko\u015b\u0107 podwozia 2,4m\u00a08 t<\/span><\/li>\n<li>\n<div><span>Minikoparka Takeuchi TB125 &#8211;\u00a0Szeroko\u015b\u0107 podwozia 1,4m\u00a03 t<\/span><\/div>\n<\/li>\n<li>\n<div><span>Minikoparka Neuson 1903 &#8211;\u00a0Szeroko\u015b\u0107 podwozia 1-1,4m\u00a02 t<\/span><\/div>\n<\/li>\n<li>\n<div><span>Iveco daily Samoch\u00f3d\/wywrotka &#8211;\u00a0Szeroko\u015b\u0107 podwozia 2,4m\u00a03,5 t<\/span><\/div>\n<\/li>\n<li>\n<div><span>Przyczepa samowy\u0142adowawcza do ci\u0105gnika.<\/span><\/div>\n<\/li>\n<li>\n<div><span>Posiadamy\u00a0 r\u00f3wnie\u017c \u0142y\u017cki r\u00f3\u017cnych szeroko\u015bci do wy\u017cej wymienionych maszyn.<\/span><\/div>\n<\/li>\n<li>\n<div><span>M\u0142ot do koparki 3 t, zag\u0119szczarki, skoczek, walec wibracyjny<\/span><\/div>\n<\/li>\n<li>\n<div><span>Nowoczesny sprz\u0119t pomiarowy\u00a0 laserowy i optyczny.<\/span><\/div>\n<\/li>\n<li>\n<div><span>Pompy, agregaty i wiele innych urz\u0105dze\u0144 potrzebnych do \u015bwiadczonych us\u0142ug<\/span><\/div>\n<\/li>\n<\/ul>\n","protected":false},"excerpt":{"rendered":"<p>Koparko-\u0142adowarka JCB 3CX &#8211;\u00a0Szeroko\u015b\u0107 podwozia 2,4m\u00a08 t Minikoparka Takeuchi TB125 &#8211;\u00a0Szeroko\u015b\u0107 podwozia 1,4m\u00a03 t Minikoparka Neuson 1903 &#8211;\u00a0Szeroko\u015b\u0107 podwozia 1-1,4m\u00a02 t Iveco daily Samoch\u00f3d\/wywrotka &#8211;\u00a0Szeroko\u015b\u0107 podwozia 2,4m\u00a03,5 t Przyczepa samowy\u0142adowawcza do ci\u0105gnika. Posiadamy\u00a0 r\u00f3wnie\u017c \u0142y\u017cki r\u00f3\u017cnych szeroko\u015bci do wy\u017cej wymienionych maszyn. M\u0142ot do koparki 3 t, zag\u0119szczarki, skoczek, walec wibracyjny [&hellip;]<\/p>\n","protected":false},"author":1,"featured_media":0,"parent":0,"menu_order":0,"comment_status":"closed","ping_status":"closed","template":"","meta":{"footnotes":""},"_links":{"self":[{"href":"https:\/\/xn--koparkibiaobrzegi-c4c.pl\/index.php\/wp-json\/wp\/v2\/pages\/14"}],"collection":[{"href":"https:\/\/xn--koparkibiaobrzegi-c4c.pl\/index.php\/wp-json\/wp\/v2\/pages"}],"about":[{"href":"https:\/\/xn--koparkibiaobrzegi-c4c.pl\/index.php\/wp-json\/wp\/v2\/types\/page"}],"author":[{"embeddable":true,"href":"https:\/\/xn--koparkibiaobrzegi-c4c.pl\/index.php\/wp-json\/wp\/v2\/users\/1"}],"replies":[{"embeddable":true,"href":"https:\/\/xn--koparkibiaobrzegi-c4c.pl\/index.php\/wp-json\/wp\/v2\/comments?post=14"}],"version-history":[{"count":7,"href":"https:\/\/xn--koparkibiaobrzegi-c4c.pl\/index.php\/wp-json\/wp\/v2\/pages\/14\/revisions"}],"predecessor-version":[{"id":142,"href":"https:\/\/xn--koparkibiaobrzegi-c4c.pl\/index.php\/wp-json\/wp\/v2\/pages\/14\/revisions\/142"}],"wp:attachment":[{"href":"https:\/\/xn--koparkibiaobrzegi-c4c.pl\/index.php\/wp-json\/wp\/v2\/media?parent=14"}],"curies":[{"name":"wp","href":"https:\/\/api.w.org\/{rel}","templated":true}]}}