{"id":4,"date":"2018-05-11T19:27:45","date_gmt":"2018-05-11T19:27:45","guid":{"rendered":"http:\/\/xn--koparkibiaobrzegi-c4c.pl\/?page_id=4"},"modified":"2018-05-24T19:55:48","modified_gmt":"2018-05-24T19:55:48","slug":"o-nas","status":"publish","type":"page","link":"https:\/\/xn--koparkibiaobrzegi-c4c.pl\/","title":{"rendered":"STRONA G\u0141\u00d3WNA"},"content":{"rendered":"<h5 style=\"text-align: center\">O NAS<\/h5>\n<h5 style=\"text-align: center\">Nasza firma\u00a0specjalizuje si\u0119 w pracach z pomoc\u0105 minikoparek oraz\u00a0koparko \u2013 \u0142adowarki w trudno dost\u0119pnych miejscach.\u00a0Posiadamy ogromne\u00a0do\u015bwiadczenie w odwodnieniu upraw i budynk\u00f3w oraz odpowiedni sprz\u0119t\u00a0pozwalaj\u0105cy na precyzyjne wykonywanie prac. Wysok\u0105 jako\u015bci\u0105 us\u0142ug budujemy dobre imi\u0119 firmy. Us\u0142ugi realizowane s\u0105 we wcze\u015bniej\u00a0ustalonym terminie. Dzi\u0119ki do\u015bwiadczeniu oraz szerokiemu pakietowi\u00a0narz\u0119dzi jeste\u015bmy w stanie wykona\u0107 bardzo nietypowe zlecenie.<\/h5>\n<h6 style=\"text-align: center\">Zasi\u0119g naszego dzia\u0142ania to 50km od Bie\u0142obrzeg. Warka, Bia\u0142obrzegi, Stromiec, Radom, Gr\u00f3jec, Belsk, B\u0142\u0119d\u00f3w, Kozienice<\/h6>\n","protected":false},"excerpt":{"rendered":"<p>O NAS Nasza firma\u00a0specjalizuje si\u0119 w pracach z pomoc\u0105 minikoparek oraz\u00a0koparko \u2013 \u0142adowarki w trudno dost\u0119pnych miejscach.\u00a0Posiadamy ogromne\u00a0do\u015bwiadczenie w odwodnieniu upraw i budynk\u00f3w oraz odpowiedni sprz\u0119t\u00a0pozwalaj\u0105cy na precyzyjne wykonywanie prac. Wysok\u0105 jako\u015bci\u0105 us\u0142ug budujemy dobre imi\u0119 firmy. Us\u0142ugi realizowane s\u0105 we wcze\u015bniej\u00a0ustalonym terminie. Dzi\u0119ki do\u015bwiadczeniu oraz szerokiemu pakietowi\u00a0narz\u0119dzi jeste\u015bmy w [&hellip;]<\/p>\n","protected":false},"author":1,"featured_media":207,"parent":0,"menu_order":0,"comment_status":"closed","ping_status":"closed","template":"","meta":{"footnotes":""},"_links":{"self":[{"href":"https:\/\/xn--koparkibiaobrzegi-c4c.pl\/index.php\/wp-json\/wp\/v2\/pages\/4"}],"collection":[{"href":"https:\/\/xn--koparkibiaobrzegi-c4c.pl\/index.php\/wp-json\/wp\/v2\/pages"}],"about":[{"href":"https:\/\/xn--koparkibiaobrzegi-c4c.pl\/index.php\/wp-json\/wp\/v2\/types\/page"}],"author":[{"embeddable":true,"href":"https:\/\/xn--koparkibiaobrzegi-c4c.pl\/index.php\/wp-json\/wp\/v2\/users\/1"}],"replies":[{"embeddable":true,"href":"https:\/\/xn--koparkibiaobrzegi-c4c.pl\/index.php\/wp-json\/wp\/v2\/comments?post=4"}],"version-history":[{"count":12,"href":"https:\/\/xn--koparkibiaobrzegi-c4c.pl\/index.php\/wp-json\/wp\/v2\/pages\/4\/revisions"}],"predecessor-version":[{"id":251,"href":"https:\/\/xn--koparkibiaobrzegi-c4c.pl\/index.php\/wp-json\/wp\/v2\/pages\/4\/revisions\/251"}],"wp:featuredmedia":[{"embeddable":true,"href":"https:\/\/xn--koparkibiaobrzegi-c4c.pl\/index.php\/wp-json\/wp\/v2\/media\/207"}],"wp:attachment":[{"href":"https:\/\/xn--koparkibiaobrzegi-c4c.pl\/index.php\/wp-json\/wp\/v2\/media?parent=4"}],"curies":[{"name":"wp","href":"https:\/\/api.w.org\/{rel}","templated":true}]}}